{"id":2085,"date":"2020-08-16T09:56:26","date_gmt":"2020-08-16T09:56:26","guid":{"rendered":"http:\/\/downtoearth.delivery\/?page_id=2085"},"modified":"2022-12-08T14:18:22","modified_gmt":"2022-12-08T14:18:22","slug":"login","status":"publish","type":"page","link":"https:\/\/uberweedshop.cc\/fr\/login\/","title":{"rendered":"Connexion"},"content":{"rendered":"<section class=\"section\" id=\"section_2041197454\">\n\t\t<div class=\"bg section-bg fill bg-fill bg-loaded bg-loaded\" >\n\n\t\t\t\n\t\t\t\n\t\t\t\n\n\t\t<\/div>\n\n\t\t\n\n\t\t<div class=\"section-content relative\">\n\t\t\t\n\n<div class=\"row\"  id=\"row-1772746522\">\n\n\n\t<div id=\"col-2118158311\" class=\"col medium-6 small-12 large-6\"  >\n\t\t\t\t<div class=\"col-inner\"  >\n\t\t\t\n\t\t\t\n\n<div class=\"container section-title-container\" ><h3 class=\"section-title section-title-center\"><b><\/b><span class=\"section-title-main\" >Connexion<\/span><b><\/b><\/h3><\/div>\n\n\n<div id=\"loginform-0\" class=\"frm_forms with_frm_style  frm_style_formidable-style frm_login_form\">\n\n\t\t<form method=\"post\" action=\"https:\/\/uberweedshop.cc\/wp-login.php\" >\n\n\t\t\n\t\t\t\t<div class=\"frm_form_fields\">\n\t\t\t<fieldset>\n\n\t\t\t\t<div class=\"frm_form_field form-field login-username frm_top_container\">\n\t\t\t\t\t<label for=\"user_login0\" class=\"frm_primary_label\">Nom d&#039;utilisateur\t\t\t\t\t<\/label>\n\t\t\t\t\t<input id=\"user_login0\" name=\"log\" value=\"\" placeholder=\"\" type=\"text\">\n\t\t\t\t<\/div>\n\n\t\t\t\t<div class=\"frm_form_field form-field login-password frm_top_container\">\n\t\t\t\t\t<label for=\"user_pass0\" class=\"frm_primary_label\">Mot de passe\t\t\t\t\t<\/label>\n\t\t\t\t\t<input id=\"user_pass0\" name=\"pwd\" value=\"\" type=\"password\" placeholder=\"\" >\n\t\t\t\t<\/div>\n\n\t\t\t\t<input type=\"hidden\" name=\"redirect_to\" value=\"\/fr\/wp-json\/wp\/v2\/pages\/2085\" \/>\n\n\t\t\t\t\n\t\t\t\t<div class=\"frm_submit\">\n\t\t\t\t\t<input type=\"submit\" name=\"wp-submit\" id=\"wp-submit0\" value=\"Connexion\" data-no-translation-value=\"\" \/>\n\t\t\t\t<\/div>\n\t\t\t\t<div style=\"clear:both;\"><\/div>\n\n\t\t\t\t\n\t\t\t\t\t\t\t\t\t<div class=\"frm_form_field form-field frm_none_container login-remember\">\n\t\t\t\t\t<div class=\"frm_opt_container\">\n\t\t\t\t\t\t<div class=\"frm_checkbox\">\n\t\t\t\t\t\t\t<label for=\"rememberme0\">\n\t\t\t\t\t\t\t<input name=\"rememberme\" id=\"rememberme0\" value=\"forever\" type=\"checkbox\">Souviens-toi de moi\t\t\t\t\t\t\t<\/label>\n\t\t\t\t\t\t<\/div>\n\t\t\t\t\t<\/div>\n\t\t\t\t<\/div>\n\t\t\t\t\n\t\t\t\t\n\t\t\t\t<div style=\"clear:both;\"><\/div>\n\n\t\t\t<\/fieldset>\n\t\t<\/div>\n\t<\/form>\n<\/div>\n\n\n\t\t<\/div>\n\t\t\t\t\t<\/div>\n\n\t\n\n\t<div id=\"col-541415749\" class=\"col medium-6 small-12 large-6\"  >\n\t\t\t\t<div class=\"col-inner\"  >\n\t\t\t\n\t\t\t\n\n<div class=\"container section-title-container\" ><h3 class=\"section-title section-title-center\"><b><\/b><span class=\"section-title-main\" >Inscription<\/span><b><\/b><\/h3><\/div>\n\n<div class=\"frm_forms  with_frm_style frm_style_formidable-style\" id=\"frm_form_2_container\" >\n<form enctype=\"multipart\/form-data\" method=\"post\" class=\"frm-show-form  frm_pro_form\" id=\"form_registrationfor\" action=\"\"  >\n<div class=\"frm_form_fields\">\n<fieldset>\n<legend class=\"frm_screen_reader\">Inscription<\/legend>\r\n\r\n<div class=\"frm_fields_container\">\n<input type=\"hidden\" name=\"frm_action\" value=\"create\" \/>\n<input type=\"hidden\" name=\"form_id\" value=\"2\" \/>\n<input type=\"hidden\" name=\"frm_hide_fields_2\" id=\"frm_hide_fields_2\" value=\"\" \/>\n<input type=\"hidden\" name=\"form_key\" value=\"registrationfor\" \/>\n<input type=\"hidden\" name=\"item_meta[0]\" value=\"\" \/>\n<input type=\"hidden\" id=\"frm_submit_entry_2\" name=\"frm_submit_entry_2\" value=\"5c09e7da1e\" \/><input type=\"hidden\" name=\"_wp_http_referer\" value=\"\/fr\/wp-json\/wp\/v2\/pages\/2085\" \/><div id=\"frm_field_6_container\" class=\"frm_form_field form-field  frm_required_field frm_top_container\">\r\n    <label for=\"field_xr4sq\" id=\"field_xr4sq_label\" class=\"frm_primary_label\">Pr\u00e9nom\r\n        <span class=\"frm_required\">*<\/span>\r\n    <\/label>\r\n    <input type=\"text\" id=\"field_xr4sq\" name=\"item_meta[6]\" value=\"\"  data-reqmsg=\"First Name cannot be blank.\" aria-required=\"true\" data-invmsg=\"Text is invalid\" aria-invalid=\"false\"  \/>\r\n    \r\n    \r\n<\/div>\n<div id=\"frm_field_7_container\" class=\"frm_form_field form-field  frm_required_field frm_top_container\">\r\n    <label for=\"field_axmxh\" id=\"field_axmxh_label\" class=\"frm_primary_label\">Nom de famille\r\n        <span class=\"frm_required\">*<\/span>\r\n    <\/label>\r\n    <input type=\"text\" id=\"field_axmxh\" name=\"item_meta[7]\" value=\"\"  data-reqmsg=\"Last Name cannot be blank.\" aria-required=\"true\" data-invmsg=\"Text is invalid\" aria-invalid=\"false\"  \/>\r\n    \r\n    \r\n<\/div>\n<div id=\"frm_field_8_container\" class=\"frm_form_field form-field  frm_required_field frm_top_container frm_full\">\r\n    <label for=\"field_sy97l\" id=\"field_sy97l_label\" class=\"frm_primary_label\">E-mail\r\n        <span class=\"frm_required\">*<\/span>\r\n    <\/label>\r\n    <input type=\"email\" id=\"field_sy97l\" name=\"item_meta[8]\" value=\"\"  data-reqmsg=\"Email cannot be blank.\" aria-required=\"true\" data-invmsg=\"Email est invalide\" aria-invalid=\"false\" data-no-translation-data-invmsg=\"\"  \/>\r\n    \r\n    \r\n<\/div>\n<div id=\"frm_field_9_container\" class=\"frm_form_field form-field  frm_required_field frm_top_container frm_full\">\r\n    <label for=\"field_5uiwj\" id=\"field_5uiwj_label\" class=\"frm_primary_label\">Mot de passe\r\n        <span class=\"frm_required\">*<\/span>\r\n    <\/label>\r\n    <input type=\"password\" id=\"field_5uiwj\" name=\"item_meta[9]\" value=\"\"  data-reqmsg=\"Password cannot be blank.\" aria-required=\"true\" data-invmsg=\"Password est invalide\" class=\"frm_strength_meter\" aria-invalid=\"false\" data-no-translation-data-invmsg=\"\"  \/><div id=\"frm_password_strength_9\" class=\"frm-password-strength\"><span id=\"frm-pass-eight-char-9\" class=\"frm-pass-req frm_icon_font\" data-no-translation=\"\" data-trp-gettext=\"\">Huit caract\u00e8res minimum<\/span>\r\n<span id=\"frm-pass-lowercase-9\" class=\"frm-pass-req frm_icon_font\" data-no-translation=\"\" data-trp-gettext=\"\">Une lettre minuscule<\/span>\r\n<span id=\"frm-pass-uppercase-9\" class=\"frm-pass-req frm_icon_font\" data-no-translation=\"\" data-trp-gettext=\"\">Une lettre majuscule<\/span>\r\n<span id=\"frm-pass-number-9\" class=\"frm-pass-req frm_icon_font\" data-no-translation=\"\" data-trp-gettext=\"\">Un nombre<\/span>\r\n<span id=\"frm-pass-special-char-9\" class=\"frm-pass-req frm_icon_font\" data-no-translation=\"\" data-trp-gettext=\"\">Un caract\u00e8re sp\u00e9cial<\/span>\r\n<\/div>\r\n    \r\n    \r\n<\/div>\n<div id=\"frm_field_conf_9_container\" class=\"frm_form_field frm_hidden_container frm_conf_field form-field  frm_required_field frm_top_container frm_full\">\r\n    <label for=\"field_conf_5uiwj\" id=\"field_conf_5uiwj_label\" class=\"frm_conf_label frm_primary_label\">Confirmer Mot de passe\r\n        <span class=\"frm_required\">*<\/span>\r\n    <\/label>\r\n    <input type=\"password\" id=\"field_conf_5uiwj\" name=\"item_meta[conf_9]\" value=\"\"  placeholder=\"Confirmez le mot de passe\" data-reqmsg=\"Confirmer Password cannot be blank.\" aria-required=\"true\" data-confmsg=\"Les valeurs saisies ne correspondent pas\" data-invmsg=\"Confirmer Password est invalide\" class=\"frm_strength_meter\" aria-invalid=\"false\" data-no-translation-data-reqmsg=\"\" data-no-translation-data-confmsg=\"\" data-no-translation-data-invmsg=\"\"  \/>\r\n    \r\n    \r\n<\/div>\n<div class=\"regsun\">\r\n<div class=\"marmelad\"><img decoding=\"async\" src=\"https:\/\/gas-dank.com\/wp-content\/uploads\/photo_2020-03-19_18-43-16-1.jpg\"><\/img>\r\n<div id=\"frm_field_10_container\" class=\"frm_form_field form-field  frm_required_field frm_top_container\">\r\n\r\n    <div  id=\"field_lam8n_label\" class=\"frm_primary_label\">T\u00e9l\u00e9charger un selfie <strong>avec votre pi\u00e8ce d&#039;identit\u00e9<\/strong>\r\n        <span class=\"frm_required\">*<\/span>\r\n    <\/div>\r\n    <input type=\"hidden\" name=\"item_meta[10]\"  data-reqmsg=\"Upload a selfie &lt;strong&gt;with your ID&lt;\/strong&gt; cannot be blank.\"  value=\"\" data-frmfile=\"10\" \/>\n\n<div class=\"frm_dropzone frm_single_upload frm_clearfix\" id=\"file10_dropzone\" role=\"group\" >\n\t<div class=\"fallback\">\n\t\t<input type=\"file\" name=\"file10\" id=\"field_lam8n\"\n\t\t\t data-reqmsg=\"Upload a selfie &lt;strong&gt;with your ID&lt;\/strong&gt; cannot be blank.\" data-invmsg=\"File Upload is invalid\" class=\"auto_width\" aria-invalid=\"false\"  \t\t\t\/>\n\t\t\t\t<div class=\"frm_clearfix\"><\/div>\n\t<\/div>\n\t<div class=\"dz-message needsclick\">\n\t\t<span class=\"frm_icon_font frm_upload_icon\"><\/span>\n\t\t<span class=\"frm_upload_text\"><button type=\"button\">D\u00e9posez un fichier ici ou cliquez pour t\u00e9l\u00e9charger<\/button><\/span>\n\t\t<span class=\"frm_compact_text\"><button type=\"button\">Choisir le fichier<\/button><\/span>\n\t\t<div class=\"frm_small_text\">\n\t\t\tTaille de t\u00e9l\u00e9chargement maximale\u00a0: 12MB\t\t<\/div>\n\t<\/div>\n<\/div>\n\r\n    \r\n    \r\n<\/div><\/div><div>\n<div class=\"regsun\">\r\n<div class=\"marmelad\"><img decoding=\"async\" src=\"https:\/\/gas-dank.com\/wp-content\/uploads\/sAX-GR_gbb4-1.jpg\"><\/img>\r\n<div id=\"frm_field_11_container\" class=\"frm_form_field form-field  frm_required_field frm_top_container\">\r\n\r\n    <div  id=\"field_cwid1_label\" class=\"frm_primary_label\">T\u00e9l\u00e9charger une photo <strong>de votre pi\u00e8ce d&#039;identit\u00e9<\/strong>\r\n        <span class=\"frm_required\">*<\/span>\r\n    <\/div>\r\n    <input type=\"hidden\" name=\"item_meta[11]\"  data-reqmsg=\"Upload a photo &lt;strong&gt;of your ID&lt;\/strong&gt; cannot be blank.\"  value=\"\" data-frmfile=\"11\" \/>\n\n<div class=\"frm_dropzone frm_single_upload frm_clearfix\" id=\"file11_dropzone\" role=\"group\" >\n\t<div class=\"fallback\">\n\t\t<input type=\"file\" name=\"file11\" id=\"field_cwid1\"\n\t\t\t data-reqmsg=\"Upload a photo &lt;strong&gt;of your ID&lt;\/strong&gt; cannot be blank.\" data-invmsg=\"File Upload is invalid\" class=\"auto_width\" aria-invalid=\"false\"  \t\t\t\/>\n\t\t\t\t<div class=\"frm_clearfix\"><\/div>\n\t<\/div>\n\t<div class=\"dz-message needsclick\">\n\t\t<span class=\"frm_icon_font frm_upload_icon\"><\/span>\n\t\t<span class=\"frm_upload_text\"><button type=\"button\">D\u00e9posez un fichier ici ou cliquez pour t\u00e9l\u00e9charger<\/button><\/span>\n\t\t<span class=\"frm_compact_text\"><button type=\"button\">Choisir le fichier<\/button><\/span>\n\t\t<div class=\"frm_small_text\">\n\t\t\tTaille de t\u00e9l\u00e9chargement maximale\u00a0: 12MB\t\t<\/div>\n\t<\/div>\n<\/div>\n\r\n    \r\n    \r\n<\/div><\/div><div>\n<div id=\"frm_field_12_container\" class=\"frm_form_field  frm_html_container form-field\">\n<div id=\"noteformreg\">\n<p><strong>REMARQUE*:<\/strong>Ces 2 photos sont n\u00e9cessaires pour s&#039;inscrire<\/p>\n<\/div>\n<\/div>\n<input type=\"hidden\" name=\"item_meta[13]\" id=\"field_43zxg\" value=\"\" data-frmval=\"\"\/>\n<div id=\"frm_field_14_container\" class=\"frm_form_field form-field  frm_none_container\">\r\n    <label for=\"g-recaptcha-response\" id=\"field_g7f3p_label\" class=\"frm_primary_label\">reCAPTCHA\r\n        <span class=\"frm_required\"><\/span>\r\n    <\/label>\r\n    <div  id=\"field_g7f3p\" class=\"frm-g-recaptcha\" data-sitekey=\"6LcqN5AUAAAAAIfB4nlwaSvcnISL31I-s2gfFXT9\" data-size=\"normal\" data-theme=\"light\"><\/div>\r\n    \r\n    \r\n<\/div>\n\t<input type=\"hidden\" name=\"item_key\" value=\"\" \/>\n\t\t\t\t<div class=\"frm__65903addccd8f\">\n\t\t\t\t<label for=\"frm_email_2\" >\n\t\t\t\t\tIf you are human, leave this field blank.\t\t\t\t<\/label>\n\t\t\t\t<input  id=\"frm_email_2\" type=\"text\" class=\"frm_verify\" name=\"frm__65903addccd8f\" value=\"\" autocomplete=\"false\"  \/>\n\t\t\t<\/div>\n\t\t<input type=\"hidden\" name=\"frm_register[email]\" value=\"8\"\/><input type=\"hidden\" name=\"frm_register[username]\" value=\"-1\"\/><input type=\"hidden\" name=\"frm_register[password]\" value=\"9\"\/><input type=\"hidden\" name=\"frm_register[subsite_title]\" value=\"username\"\/><input type=\"hidden\" name=\"frm_register[subsite_domain]\" value=\"blog_title\"\/><input name=\"frm_state\" type=\"hidden\" value=\"3wtjXIZQz5sg88+NJw\/ZIZbRfAH+Xi6uCA2fwZBvOXA=\" \/><div class=\"frm_submit\">\r\n\r\n<button class=\"frm_button_submit frm_final_submit\" type=\"submit\"   formnovalidate=\"formnovalidate\">Soumettre<\/button>\r\n\r\n<\/div><\/div>\n<\/fieldset>\n<\/div>\n<input type=\"hidden\" name=\"trp-form-language\" value=\"fr\"\/><\/form>\n<\/div>\n\n\n\t\t<\/div>\n\t\t\t\t\t<\/div>\n\n\t\n\n<\/div>\n\n\t\t<\/div>\n\n\t\t\n<style>\n#section_2041197454 {\n  padding-top: 30px;\n  padding-bottom: 30px;\n}\n<\/style>\n\t<\/section>","protected":false},"excerpt":{"rendered":"","protected":false},"author":1,"featured_media":0,"parent":0,"menu_order":0,"comment_status":"closed","ping_status":"open","template":"","meta":{"_acf_changed":false,"footnotes":""},"acf":[],"yoast_head":"<!-- This site is optimized with the Yoast SEO Premium plugin v22.6 (Yoast SEO v22.7) - https:\/\/yoast.com\/wordpress\/plugins\/seo\/ -->\n<title>Login - UberweedShop | Toronto Weed Delivery<\/title>\n<meta name=\"description\" content=\"Login Almost every day we have deals and gift for our customers. Enjou our service and fast delivery in GTA area.\" \/>\n<meta name=\"robots\" content=\"noindex, follow\" \/>\n<meta property=\"og:locale\" content=\"fr_CA\" \/>\n<meta property=\"og:type\" content=\"article\" \/>\n<meta property=\"og:title\" content=\"Login\" \/>\n<meta property=\"og:description\" content=\"Login Almost every day we have deals and gift for our customers. Enjoy our service and fast delivery in GTA area.\" \/>\n<meta property=\"og:url\" content=\"https:\/\/uberweedshop.com\/login\/\" \/>\n<meta property=\"og:site_name\" content=\"UberweedShop | Toronto Weed Delivery\" \/>\n<meta property=\"article:modified_time\" content=\"2022-12-08T14:18:22+00:00\" \/>\n<meta property=\"og:image\" content=\"https:\/\/uberweedshop.cc\/wp-content\/uploads\/uber-logo.png\" \/>\n\t<meta property=\"og:image:width\" content=\"1100\" \/>\n\t<meta property=\"og:image:height\" content=\"550\" \/>\n\t<meta property=\"og:image:type\" content=\"image\/png\" \/>\n<meta name=\"twitter:card\" content=\"summary_large_image\" \/>\n<script type=\"application\/ld+json\" class=\"yoast-schema-graph\">{\"@context\":\"https:\/\/schema.org\",\"@graph\":[{\"@type\":\"WebPage\",\"@id\":\"https:\/\/uberweedshop.com\/login\/\",\"url\":\"https:\/\/uberweedshop.com\/login\/\",\"name\":\"Login - UberweedShop | Toronto Weed Delivery\",\"isPartOf\":{\"@id\":\"https:\/\/uberweedshop.cc\/#website\"},\"datePublished\":\"2020-08-16T09:56:26+00:00\",\"dateModified\":\"2022-12-08T14:18:22+00:00\",\"description\":\"Login Almost every day we have deals and gift for our customers. Enjou our service and fast delivery in GTA area.\",\"breadcrumb\":{\"@id\":\"https:\/\/uberweedshop.com\/login\/#breadcrumb\"},\"inLanguage\":\"fr-CA\",\"potentialAction\":[{\"@type\":\"ReadAction\",\"target\":[\"https:\/\/uberweedshop.com\/login\/\"]}]},{\"@type\":\"BreadcrumbList\",\"@id\":\"https:\/\/uberweedshop.com\/login\/#breadcrumb\",\"itemListElement\":[{\"@type\":\"ListItem\",\"position\":1,\"name\":\"Home\",\"item\":\"https:\/\/uberweedshop.cc\/\"},{\"@type\":\"ListItem\",\"position\":2,\"name\":\"Login\"}]},{\"@type\":\"WebSite\",\"@id\":\"https:\/\/uberweedshop.cc\/#website\",\"url\":\"https:\/\/uberweedshop.cc\/\",\"name\":\"UberweedShop | Toronto Weed Delivery\",\"description\":\"Uberweed reigns supreme in Toronto&#039;s cannabis scene, offering lightning-fast online weed purchases in the GTA with the most competitive prices. Plus, orders over $160 score you free delivery.\",\"publisher\":{\"@id\":\"https:\/\/uberweedshop.cc\/#organization\"},\"potentialAction\":[{\"@type\":\"SearchAction\",\"target\":{\"@type\":\"EntryPoint\",\"urlTemplate\":\"https:\/\/uberweedshop.cc\/?s={search_term_string}\"},\"query-input\":\"required name=search_term_string\"}],\"inLanguage\":\"fr-CA\"},{\"@type\":\"Organization\",\"@id\":\"https:\/\/uberweedshop.cc\/#organization\",\"name\":\"UberweedShop\",\"url\":\"https:\/\/uberweedshop.cc\/\",\"logo\":{\"@type\":\"ImageObject\",\"inLanguage\":\"fr-CA\",\"@id\":\"https:\/\/uberweedshop.cc\/#\/schema\/logo\/image\/\",\"url\":\"https:\/\/uberweedshop.cc\/wp-content\/uploads\/uber-logo.png\",\"contentUrl\":\"https:\/\/uberweedshop.cc\/wp-content\/uploads\/uber-logo.png\",\"width\":1100,\"height\":550,\"caption\":\"UberweedShop\"},\"image\":{\"@id\":\"https:\/\/uberweedshop.cc\/#\/schema\/logo\/image\/\"}}]}<\/script>\n<!-- \/ Yoast SEO Premium plugin. -->","yoast_head_json":{"title":"Login - UberweedShop | Toronto Weed Delivery","description":"Login Almost every day we have deals and gift for our customers. Enjou our service and fast delivery in GTA area.","robots":{"index":"noindex","follow":"follow"},"og_locale":"fr_CA","og_type":"article","og_title":"Login","og_description":"Login Almost every day we have deals and gift for our customers. Enjoy our service and fast delivery in GTA area.","og_url":"https:\/\/uberweedshop.com\/login\/","og_site_name":"UberweedShop | Toronto Weed Delivery","article_modified_time":"2022-12-08T14:18:22+00:00","og_image":[{"width":1100,"height":550,"url":"https:\/\/uberweedshop.cc\/wp-content\/uploads\/uber-logo.png","type":"image\/png"}],"twitter_card":"summary_large_image","schema":{"@context":"https:\/\/schema.org","@graph":[{"@type":"WebPage","@id":"https:\/\/uberweedshop.com\/login\/","url":"https:\/\/uberweedshop.com\/login\/","name":"Login - UberweedShop | Toronto Weed Delivery","isPartOf":{"@id":"https:\/\/uberweedshop.cc\/#website"},"datePublished":"2020-08-16T09:56:26+00:00","dateModified":"2022-12-08T14:18:22+00:00","description":"Login Almost every day we have deals and gift for our customers. Enjou our service and fast delivery in GTA area.","breadcrumb":{"@id":"https:\/\/uberweedshop.com\/login\/#breadcrumb"},"inLanguage":"fr-CA","potentialAction":[{"@type":"ReadAction","target":["https:\/\/uberweedshop.com\/login\/"]}]},{"@type":"BreadcrumbList","@id":"https:\/\/uberweedshop.com\/login\/#breadcrumb","itemListElement":[{"@type":"ListItem","position":1,"name":"Home","item":"https:\/\/uberweedshop.cc\/"},{"@type":"ListItem","position":2,"name":"Login"}]},{"@type":"WebSite","@id":"https:\/\/uberweedshop.cc\/#website","url":"https:\/\/uberweedshop.cc\/","name":"UberweedShop | Toronto Weed Delivery","description":"Uberweed reigns supreme in Toronto&#039;s cannabis scene, offering lightning-fast online weed purchases in the GTA with the most competitive prices. Plus, orders over $160 score you free delivery.","publisher":{"@id":"https:\/\/uberweedshop.cc\/#organization"},"potentialAction":[{"@type":"SearchAction","target":{"@type":"EntryPoint","urlTemplate":"https:\/\/uberweedshop.cc\/?s={search_term_string}"},"query-input":"required name=search_term_string"}],"inLanguage":"fr-CA"},{"@type":"Organization","@id":"https:\/\/uberweedshop.cc\/#organization","name":"UberweedShop","url":"https:\/\/uberweedshop.cc\/","logo":{"@type":"ImageObject","inLanguage":"fr-CA","@id":"https:\/\/uberweedshop.cc\/#\/schema\/logo\/image\/","url":"https:\/\/uberweedshop.cc\/wp-content\/uploads\/uber-logo.png","contentUrl":"https:\/\/uberweedshop.cc\/wp-content\/uploads\/uber-logo.png","width":1100,"height":550,"caption":"UberweedShop"},"image":{"@id":"https:\/\/uberweedshop.cc\/#\/schema\/logo\/image\/"}}]}},"_links":{"self":[{"href":"https:\/\/uberweedshop.cc\/fr\/wp-json\/wp\/v2\/pages\/2085"}],"collection":[{"href":"https:\/\/uberweedshop.cc\/fr\/wp-json\/wp\/v2\/pages"}],"about":[{"href":"https:\/\/uberweedshop.cc\/fr\/wp-json\/wp\/v2\/types\/page"}],"author":[{"embeddable":true,"href":"https:\/\/uberweedshop.cc\/fr\/wp-json\/wp\/v2\/users\/1"}],"replies":[{"embeddable":true,"href":"https:\/\/uberweedshop.cc\/fr\/wp-json\/wp\/v2\/comments?post=2085"}],"version-history":[{"count":0,"href":"https:\/\/uberweedshop.cc\/fr\/wp-json\/wp\/v2\/pages\/2085\/revisions"}],"wp:attachment":[{"href":"https:\/\/uberweedshop.cc\/fr\/wp-json\/wp\/v2\/media?parent=2085"}],"curies":[{"name":"wp","href":"https:\/\/api.w.org\/{rel}","templated":true}]}}